{"id":5774,"date":"2018-09-23T17:06:39","date_gmt":"2018-09-23T17:06:39","guid":{"rendered":"http:\/\/naskrajukraju.pl\/?page_id=5774"},"modified":"2018-10-05T19:31:39","modified_gmt":"2018-10-05T19:31:39","slug":"o-nas-2","status":"publish","type":"page","link":"http:\/\/naskrajukraju.pl\/?page_id=5774","title":{"rendered":"O nas"},"content":{"rendered":"<p>[vc_row use_row_as_full_screen_section=&#8221;no&#8221;][vc_column]\n<blockquote class=\"edgtf-blockquote-shortcode\"  >\n\t<span class=\"edgtf-blockquote-text\">\n\t\tTak naprawd\u0119 nie wiemy, co ci\u0105gnie cz\u0142owieka w \u015bwiat. Ciekawo\u015b\u0107? G\u0142\u00f3d prze\u017cy\u0107? Potrzeba nieustannego dziwienia si\u0119? Cz\u0142owiek, kt\u00f3ry przestaje si\u0119 dziwi\u0107 jest wydr\u0105\u017cony, ma wypalone serce. W cz\u0142owieku, kt\u00f3ry uwa\u017ca, \u017ce wszystko ju\u017c by\u0142o i nic nie mo\u017ce go zdziwi\u0107, umar\u0142o to, co najpi\u0119kniejsze \u2013 uroda \u017cycia. Ryszard Kapu\u015bci\u0144ski\t<\/span>\n<\/blockquote>[vc_empty_space][\/vc_column][\/vc_row][vc_row use_row_as_full_screen_section=&#8221;no&#8221;][vc_column width=&#8221;2\/3&#8243;][vc_column_text]<\/p>\n<h2><\/h2>\n<p><span style=\"color: #000000;\">Witaj, mi\u0142o Ci\u0119 widzie\u0107 \ud83d\ude42<\/span><\/p>\n<p><span style=\"color: #000000;\">Cieszymy si\u0119, \u017ce tu trafi\u0142e\u015b Czytelniku, rozgo\u015b\u0107 si\u0119.<\/span><\/p>\n<p><span style=\"color: #000000;\">Jeste\u015bmy dw\u00f3jk\u0105 fotografuj\u0105cych rowerzyst\u00f3w, dw\u00f3jk\u0105 ludzi ciekawych \u015bwiata i szczeg\u00f3lnie naszego kraju. Mi\u0142o\u015bnik\u00f3w przyrody i krajobraz\u00f3w. Ludzi i ich tradycji. Kultury i sztuki. Miejsc z histori\u0105 i dusz\u0105. Nieraz zapomnianych i omijanych przez tzw. komercyjn\u0105 turystyk\u0119. Niemniej jednak, a mo\u017ce tym bardziej \u2013 ciekawych i wartych odkrycia.<\/span><\/p>\n<p><span style=\"color: #000000;\">Pochodzimy z Podlasia i Podkarpacia, rejon\u00f3w le\u017c\u0105cych niejako ,,na skraju kraju\u201d, st\u0105d i pomys\u0142 na nazw\u0119 naszej strony. To tu niezwykle wyra\u017anie mo\u017cna zobaczy\u0107 wielokulturowo\u015b\u0107 naszej Ojczyzny.<\/span><\/p>\n<p><span style=\"color: #000000;\">Historia pozostawi\u0142a po sobie \u015blady przesz\u0142o\u015bci, pe\u0142ne oryginalnych tradycji ale i tragicznych wydarze\u0144, \u015blady bolesnych wojen ale i okres\u00f3w wspania\u0142ego rozkwitu. Wszystko to za spraw\u0105 niezwyk\u0142ych ludzi z r\u00f3\u017cnych narod\u00f3w, religii i kultur, kt\u00f3rym los wyznaczy\u0142 tu miejsce do \u017cycia.<\/span><br \/>\n<span style=\"color: #000000;\">Tu historia przemawia ze \u015bcian, gdzie ludzie, kt\u00f3rzy j\u0105 wiekami tworzyli, opierali si\u0119 o nie, chodzili po tych samych kamieniach ulic, tymi samymi \u015bcie\u017ckami, wystarczy przy\u0142o\u017cy\u0107 ucho i pos\u0142ucha\u0107.<\/span><\/p>\n<p><span style=\"color: #000000;\">Postaramy si\u0119 przybli\u017ca\u0107 te nasze ,,ma\u0142e ojczyzny\u201d maluj\u0105c s\u0142owem i obrazem. Chcemy ukazywa\u0107 pi\u0119kno i r\u00f3\u017cnorodno\u015b\u0107 naszego dziedzictwa, \u0142ama\u0107 utarte stereotypy, odwiedza\u0107 miejsca bardziej lub mniej znane a nieraz wr\u0119cz ocali\u0107 od zapomnienia gin\u0105cy \u015bwiat. Chcemy pokaza\u0107, \u017ce nie tylko tera\u017aniejszo\u015b\u0107 ale i przesz\u0142o\u015b\u0107 ma sw\u00f3j zapach i odcie\u0144. Zapachy historii bowiem potrafi\u0105 trwa\u0107 w powietrzu jak nie\u015bmiertelne d\u017awi\u0119ki muzyki.<\/span><\/p>\n<p><span style=\"color: #000000;\">Zajrzymy te\u017c nieraz poza granice naszego kraju, tam te\u017c jest pi\u0119knie!<\/span><\/p>\n<p><span style=\"color: #000000;\">Tworzymy duet b\u0119d\u0105cy po\u0142\u0105czeniem dw\u00f3ch zupe\u0142nie r\u00f3\u017cnych osobowo\u015bci i charakter\u00f3w. R\u00f3\u017cnych temperament\u00f3w, lecz podobnej wra\u017cliwo\u015bci.<\/span><\/p>\n<p><span style=\"color: #000000;\">Zapraszamy w nasze go\u015bcinne progi. Otwieramy swoje szuflady, nierzadko zape\u0142nione bezcennymi kawa\u0142eczkami \u015bwiata widzianymi naszymi oczami. Obrazami, wspomnieniami, emocjami.<\/span><\/p>\n<p><span style=\"color: #000000;\">B\u0142a\u017cej to gaw\u0119dziarz, ma ucho do barwnych opowie\u015bci i instynkt wyszukiwania trop\u00f3w prowadz\u0105cych do zajmuj\u0105cych anegdot. Niejednokrotnie z wysoko\u015bci rowerowego siode\u0142ka, czasem z wody lub powietrza postara si\u0119 odkry\u0107 to, co cz\u0119sto umyka w codziennym p\u0119dzie.<\/span><\/p>\n<p><span style=\"color: #000000;\">Kto wie, mo\u017ce skusisz si\u0119 na wsp\u00f3ln\u0105 wypraw\u0119 z nami? Ale to w swoim czasie\u2026<\/span><\/p>\n<p><span style=\"color: #000000;\">U Ma\u0142gosi my\u015bli nabieraj\u0105 barw. \u017bycie postrzega w kolorach, o czym mocno przekonacie si\u0119 nie raz na jej fotografiach. Jej u\u015bmiechni\u0119ta twarz jest jak kartka z pozdrowieniami. Pe\u0142na energii oraz ciekawo\u015bci \u015bwiata stara si\u0119 i\u015b\u0107 przez \u017cycie kieruj\u0105c si\u0119 dewiz\u0105 m\u00f3wi\u0105c\u0105, \u017ce \u017cycia nie mierzy si\u0119 ilo\u015bci\u0105 oddech\u00f3w, ale ilo\u015bci\u0105 chwil, kt\u00f3re zapieraj\u0105 dech w piersiach.<\/span><\/p>\n<p><span style=\"color: #000000;\">Zapraszamy do dzielenia si\u0119 z nami do\u015bwiadczeniami, przemy\u015bleniami i spostrze\u017ceniami. Ka\u017cda uwaga, dobre s\u0142owo ale i s\u0142owo krytyki b\u0119d\u0105 przez nas przyj\u0119te z \u017cyczliwo\u015bci\u0105. Zapraszamy do miejsca, w kt\u00f3rym marzenia tworz\u0105 rzeczywisto\u015b\u0107.<\/span><\/p>\n<h3><\/h3>\n<p style=\"text-align: right;\"><span style=\"color: #000000;\"><em>Ma\u0142gosia i B\u0142a\u017cej<\/em><\/span><\/p>\n<p>[\/vc_column_text][\/vc_column][vc_column width=&#8221;1\/3&#8243;][vc_empty_space height=&#8221;10px&#8221;][vc_empty_space height=&#8221;10px&#8221;][vc_empty_space height=&#8221;10px&#8221;][vc_empty_space height=&#8221;10px&#8221;][vc_empty_space height=&#8221;10px&#8221;][vc_empty_space height=&#8221;60px&#8221;][vc_single_image image=&#8221;6031&#8243; img_size=&#8221;375&#215;375&#8243;][vc_empty_space height=&#8221;10px&#8221;][vc_single_image image=&#8221;5305&#8243; img_size=&#8221;375&#215;375&#8243;][vc_empty_space height=&#8221;10px&#8221;][vc_single_image image=&#8221;5306&#8243; img_size=&#8221;375&#215;375&#8243;][\/vc_column][\/vc_row]<\/p>\n","protected":false},"excerpt":{"rendered":"<p>[vc_row use_row_as_full_screen_section=&#8221;no&#8221;][vc_column][vc_empty_space][\/vc_column][\/vc_row][vc_row use_row_as_full_screen_section=&#8221;no&#8221;][vc_column width=&#8221;2\/3&#8243;][vc_column_text] Witaj, mi\u0142o Ci\u0119 widzie\u0107 \ud83d\ude42 Cieszymy si\u0119, \u017ce tu trafi\u0142e\u015b Czytelniku, rozgo\u015b\u0107 si\u0119. Jeste\u015bmy dw\u00f3jk\u0105 fotografuj\u0105cych rowerzyst\u00f3w, dw\u00f3jk\u0105 ludzi ciekawych \u015bwiata i szczeg\u00f3lnie naszego kraju. Mi\u0142o\u015bnik\u00f3w przyrody i krajobraz\u00f3w. Ludzi i ich tradycji. Kultury i sztuki. [&hellip;]<\/p>\n","protected":false},"author":1,"featured_media":0,"parent":0,"menu_order":0,"comment_status":"closed","ping_status":"closed","template":"","meta":{"jetpack_post_was_ever_published":false},"jetpack_sharing_enabled":true,"jetpack_shortlink":"https:\/\/wp.me\/PaifcC-1v8","jetpack-related-posts":[{"id":5805,"url":"http:\/\/naskrajukraju.pl\/?page_id=5805","url_meta":{"origin":5774,"position":0},"title":"Kontakt","author":"admin","date":"23 wrze\u015bnia 2018","format":false,"excerpt":"[vc_row use_row_as_full_screen_section=\"no\"][vc_column width=\"1\/2\"][vc_column_text] Je\u015bli masz jakie\u015b pytania, propozycj\u0119 wsp\u00f3\u0142pracy lub wyjazdu krajoznawczo - fotograficznego, b\u0105d\u017a chcesz wykorzysta\u0107 materia\u0142y znajduj\u0105ce si\u0119 na stronie to prosimy o kontakt za pomoc\u0105 formularza. Zdj\u0119cia dost\u0119pne s\u0105 w postaci plik\u00f3w w wysokiej rozdzielczo\u015bci z przeznaczeniem do publikacji. Istnieje r\u00f3wnie\u017c mo\u017cliwo\u015b\u0107 zakupu pracy oprawionej w ram\u0119\u2026","rel":"","context":"Similar post","block_context":{"text":"Similar post","link":""},"img":{"alt_text":"","src":"https:\/\/i0.wp.com\/naskrajukraju.pl\/wp-content\/uploads\/2018\/09\/szare-logo-ostateczna-forma-dla-Pani-Gosi-1-300x239.png?resize=350%2C200","width":350,"height":200},"classes":[]},{"id":5758,"url":"http:\/\/naskrajukraju.pl\/?page_id=5758","url_meta":{"origin":5774,"position":1},"title":"GALERIA &#8211; w naszym obiektywie","author":"admin","date":"21 wrze\u015bnia 2018","format":false,"excerpt":"[vc_row use_row_as_full_screen_section=\"no\"][vc_column][\/vc_column][\/vc_row]","rel":"","context":"Similar post","block_context":{"text":"Similar post","link":""},"img":{"alt_text":"","src":"","width":0,"height":0},"classes":[]}],"_links":{"self":[{"href":"http:\/\/naskrajukraju.pl\/index.php?rest_route=\/wp\/v2\/pages\/5774"}],"collection":[{"href":"http:\/\/naskrajukraju.pl\/index.php?rest_route=\/wp\/v2\/pages"}],"about":[{"href":"http:\/\/naskrajukraju.pl\/index.php?rest_route=\/wp\/v2\/types\/page"}],"author":[{"embeddable":true,"href":"http:\/\/naskrajukraju.pl\/index.php?rest_route=\/wp\/v2\/users\/1"}],"replies":[{"embeddable":true,"href":"http:\/\/naskrajukraju.pl\/index.php?rest_route=%2Fwp%2Fv2%2Fcomments&post=5774"}],"version-history":[{"count":55,"href":"http:\/\/naskrajukraju.pl\/index.php?rest_route=\/wp\/v2\/pages\/5774\/revisions"}],"predecessor-version":[{"id":6204,"href":"http:\/\/naskrajukraju.pl\/index.php?rest_route=\/wp\/v2\/pages\/5774\/revisions\/6204"}],"wp:attachment":[{"href":"http:\/\/naskrajukraju.pl\/index.php?rest_route=%2Fwp%2Fv2%2Fmedia&parent=5774"}],"curies":[{"name":"wp","href":"https:\/\/api.w.org\/{rel}","templated":true}]}}