{"id":5758,"date":"2018-09-21T23:43:59","date_gmt":"2018-09-21T23:43:59","guid":{"rendered":"http:\/\/naskrajukraju.pl\/?page_id=5758"},"modified":"2018-10-05T19:07:49","modified_gmt":"2018-10-05T19:07:49","slug":"portfolio-list","status":"publish","type":"page","link":"http:\/\/naskrajukraju.pl\/?page_id=5758","title":{"rendered":"GALERIA &#8211; w naszym obiektywie"},"content":{"rendered":"<p>[vc_row use_row_as_full_screen_section=&#8221;no&#8221;][vc_column]<div class=\"edgtf-portfolio-list-holder edgtf-pl-gallery edgtf-pl-normal-space edgtf-pl-three-columns edgtf-pl-standard-shader edgtf-pl-light edgtf-pl-with-zoom edgtf-pl-pag-no-pagination edgtf-pl-has-filter\"  data-type=\"gallery\" data-number-of-columns=\"3\" data-space-between-items=\"normal\" data-number-of-items=\"-1\" data-image-proportions=\"square\" data-order-by=\"date\" data-order=\"DESC\" data-item-layout=\"standard-shader\" data-layout-skin=\"light\" data-enable-title=\"yes\" data-enable-zoom=\"yes\" data-title-tag=\"h3\" data-enable-category=\"yes\" data-pagination-type=\"no-pagination\" data-filter=\"yes\" data-filter-order-by=\"name\" data-article-animation=\"none\" data-slider-speed=\"5000\" data-enable-loop=\"yes\" data-enable-variable-width=\"no\" data-enable-padding=\"no\" data-enable-navigation=\"yes\" data-enable-pagination=\"yes\" data-max-num-pages=\"0\" data-next-page=\"2\" data-space-value=\"30\">\n\t\t<div class=\"edgtf-pl-filter-holder\">\n\t\t<div class=\"edgtf-plf-inner\">\n\t\t\t\t\t\t\t<ul>\n\t\t\t\t\t<li class=\"edgtf-pl-filter\" data-filter=\"\">\n\t\t\t\t\t\t<span >All<\/span>\n\t\t\t\t\t<\/li>\n\t\t\t\t\t\t\t\t\t\t\t<li class=\"edgtf-pl-filter\" data-filter=\".portfolio-category-krajobraz\">\n\t\t\t\t\t\t\t<span >Krajobraz<\/span>\n\t\t\t\t\t\t<\/li>\n\t\t\t\t\t\t\t\t\t\t\t<li class=\"edgtf-pl-filter\" data-filter=\".portfolio-category-swiat-i-ludzie\">\n\t\t\t\t\t\t\t<span >\u015awiat i ludzie<\/span>\n\t\t\t\t\t\t<\/li>\n\t\t\t\t\t\t\t\t\t<\/ul>\n\t\t\t\t\t<\/div>\n\t<\/div>\n\t\n\t<div class=\"edgtf-pl-inner clearfix\">\n\t\t<article class=\"edgtf-pl-item   post-6305 portfolio-item type-portfolio-item status-publish has-post-thumbnail hentry portfolio-category-krajobraz portfolio-tag-gory portfolio-tag-podkarpacie portfolio-tag-swiatlo portfolio-tag-wschody-i-zachody\">\n\t<div class=\"edgtf-pl-item-inner\">\n\t\t<div class=\"edgtf-pli-image\">\n\t\t\t<img width=\"650\" height=\"650\" src=\"https:\/\/i0.wp.com\/naskrajukraju.pl\/wp-content\/uploads\/2018\/09\/IMG_0784-MK.jpg?resize=650%2C650\" class=\"attachment-kamera_edge_square size-kamera_edge_square wp-post-image\" alt=\"\" decoding=\"async\" loading=\"lazy\" srcset=\"https:\/\/i0.wp.com\/naskrajukraju.pl\/wp-content\/uploads\/2018\/09\/IMG_0784-MK.jpg?resize=150%2C150 150w, https:\/\/i0.wp.com\/naskrajukraju.pl\/wp-content\/uploads\/2018\/09\/IMG_0784-MK.jpg?resize=650%2C650 650w, https:\/\/i0.wp.com\/naskrajukraju.pl\/wp-content\/uploads\/2018\/09\/IMG_0784-MK.jpg?resize=1300%2C1300 1300w, https:\/\/i0.wp.com\/naskrajukraju.pl\/wp-content\/uploads\/2018\/09\/IMG_0784-MK.jpg?zoom=3&amp;resize=650%2C650 1950w\" sizes=\"(max-width: 650px) 100vw, 650px\" data-attachment-id=\"6254\" data-permalink=\"http:\/\/naskrajukraju.pl\/?attachment_id=6254\" data-orig-file=\"https:\/\/i0.wp.com\/naskrajukraju.pl\/wp-content\/uploads\/2018\/09\/IMG_0784-MK.jpg?fit=3000%2C1687\" data-orig-size=\"3000,1687\" data-comments-opened=\"1\" data-image-meta=\"{&quot;aperture&quot;:&quot;13&quot;,&quot;credit&quot;:&quot;&quot;,&quot;camera&quot;:&quot;Canon EOS 600D&quot;,&quot;caption&quot;:&quot;&quot;,&quot;created_timestamp&quot;:&quot;1533185883&quot;,&quot;copyright&quot;:&quot;&quot;,&quot;focal_length&quot;:&quot;70&quot;,&quot;iso&quot;:&quot;100&quot;,&quot;shutter_speed&quot;:&quot;0.05&quot;,&quot;title&quot;:&quot;&quot;,&quot;orientation&quot;:&quot;0&quot;}\" data-image-title=\"IMG_0784-MK\" data-image-description=\"\" data-image-caption=\"\" data-medium-file=\"https:\/\/i0.wp.com\/naskrajukraju.pl\/wp-content\/uploads\/2018\/09\/IMG_0784-MK.jpg?fit=300%2C169\" data-large-file=\"https:\/\/i0.wp.com\/naskrajukraju.pl\/wp-content\/uploads\/2018\/09\/IMG_0784-MK.jpg?fit=1024%2C576\" \/>\t<\/div>\n<div class=\"edgtf-pli-text-holder\">\n\t<div class=\"edgtf-pli-text-wrapper\">\n\t\t<div class=\"edgtf-pli-text\">\n\t\t\t\t<div class=\"edgtf-pli-title-holder\">\t\t\n\t\t<a itemprop=\"url\" class=\"edgtf-pli-title-link\" href=\"http:\/\/naskrajukraju.pl\/?portfolio-item=swiatlo-najlepszy-malarz\">\n\t\t\t<h3 itemprop=\"name\" class=\"edgtf-pli-title entry-title\">\n\t\t\t\t\u015aWIAT\u0141O &#8211; NAJLEPSZY MALARZ \u015aWIATA\t\t\t<\/h3>\n\t\t<\/a>\n\t<\/div>\n\t\t\t\n\t\t\t\t\t<div class=\"edgtf-pli-category-holder\">\n\t\t\t\t\t\t\t<a itemprop=\"url\" class=\"edgtf-pli-category\" href=\"http:\/\/naskrajukraju.pl\/?portfolio-category=krajobraz\">Krajobraz<\/a>\n\t\t\t\t\t<\/div>\n\t\n\t\t<\/div>\n\t<\/div>\n<\/div>\t\t\n\t\t<a itemprop=\"url\" class=\"edgtf-pli-link\" href=\"http:\/\/naskrajukraju.pl\/?portfolio-item=swiatlo-najlepszy-malarz\"><\/a>\n\t<\/div>\n<\/article><article class=\"edgtf-pl-item   post-6124 portfolio-item type-portfolio-item status-publish has-post-thumbnail hentry portfolio-category-swiat-i-ludzie portfolio-tag-ser portfolio-tag-toskania portfolio-tag-wino\">\n\t<div class=\"edgtf-pl-item-inner\">\n\t\t<div class=\"edgtf-pli-image\">\n\t\t\t<img width=\"650\" height=\"650\" src=\"https:\/\/i0.wp.com\/naskrajukraju.pl\/wp-content\/uploads\/2018\/10\/Toskania-8-of-1-Kopiowanie.jpg?resize=650%2C650\" class=\"attachment-kamera_edge_square size-kamera_edge_square wp-post-image\" alt=\"\" decoding=\"async\" loading=\"lazy\" srcset=\"https:\/\/i0.wp.com\/naskrajukraju.pl\/wp-content\/uploads\/2018\/10\/Toskania-8-of-1-Kopiowanie.jpg?resize=650%2C650 650w, https:\/\/i0.wp.com\/naskrajukraju.pl\/wp-content\/uploads\/2018\/10\/Toskania-8-of-1-Kopiowanie.jpg?zoom=2&amp;resize=650%2C650 1300w\" sizes=\"(max-width: 650px) 100vw, 650px\" data-attachment-id=\"6149\" data-permalink=\"http:\/\/naskrajukraju.pl\/?attachment_id=6149\" data-orig-file=\"https:\/\/i0.wp.com\/naskrajukraju.pl\/wp-content\/uploads\/2018\/10\/Toskania-8-of-1-Kopiowanie.jpg?fit=1620%2C1080\" data-orig-size=\"1620,1080\" data-comments-opened=\"1\" data-image-meta=\"{&quot;aperture&quot;:&quot;4&quot;,&quot;credit&quot;:&quot;&quot;,&quot;camera&quot;:&quot;Canon EOS 600D&quot;,&quot;caption&quot;:&quot;&quot;,&quot;created_timestamp&quot;:&quot;1429360119&quot;,&quot;copyright&quot;:&quot;&quot;,&quot;focal_length&quot;:&quot;55&quot;,&quot;iso&quot;:&quot;400&quot;,&quot;shutter_speed&quot;:&quot;0.076923076923077&quot;,&quot;title&quot;:&quot;&quot;,&quot;orientation&quot;:&quot;1&quot;}\" data-image-title=\"Toskania (8 of 1) (Kopiowanie)\" data-image-description=\"\" data-image-caption=\"\" data-medium-file=\"https:\/\/i0.wp.com\/naskrajukraju.pl\/wp-content\/uploads\/2018\/10\/Toskania-8-of-1-Kopiowanie.jpg?fit=300%2C200\" data-large-file=\"https:\/\/i0.wp.com\/naskrajukraju.pl\/wp-content\/uploads\/2018\/10\/Toskania-8-of-1-Kopiowanie.jpg?fit=1024%2C683\" \/>\t<\/div>\n<div class=\"edgtf-pli-text-holder\">\n\t<div class=\"edgtf-pli-text-wrapper\">\n\t\t<div class=\"edgtf-pli-text\">\n\t\t\t\t<div class=\"edgtf-pli-title-holder\">\t\t\n\t\t<a itemprop=\"url\" class=\"edgtf-pli-title-link\" href=\"http:\/\/naskrajukraju.pl\/?portfolio-item=toskania-ser-i-wino\">\n\t\t\t<h3 itemprop=\"name\" class=\"edgtf-pli-title entry-title\">\n\t\t\t\tTOSKANIA &#8211; SER I WINO\t\t\t<\/h3>\n\t\t<\/a>\n\t<\/div>\n\t\t\t\n\t\t\t\t\t<div class=\"edgtf-pli-category-holder\">\n\t\t\t\t\t\t\t<a itemprop=\"url\" class=\"edgtf-pli-category\" href=\"http:\/\/naskrajukraju.pl\/?portfolio-category=swiat-i-ludzie\">\u015awiat i ludzie<\/a>\n\t\t\t\t\t<\/div>\n\t\n\t\t<\/div>\n\t<\/div>\n<\/div>\t\t\n\t\t<a itemprop=\"url\" class=\"edgtf-pli-link\" href=\"http:\/\/naskrajukraju.pl\/?portfolio-item=toskania-ser-i-wino\"><\/a>\n\t<\/div>\n<\/article>\t<\/div>\n\t\n\t<\/div>[\/vc_column][\/vc_row]<\/p>\n","protected":false},"excerpt":{"rendered":"<p>[vc_row use_row_as_full_screen_section=&#8221;no&#8221;][vc_column][\/vc_column][\/vc_row]<\/p>\n","protected":false},"author":1,"featured_media":0,"parent":0,"menu_order":0,"comment_status":"closed","ping_status":"closed","template":"","meta":{"jetpack_post_was_ever_published":false},"jetpack_sharing_enabled":true,"jetpack_shortlink":"https:\/\/wp.me\/PaifcC-1uS","jetpack-related-posts":[],"_links":{"self":[{"href":"http:\/\/naskrajukraju.pl\/index.php?rest_route=\/wp\/v2\/pages\/5758"}],"collection":[{"href":"http:\/\/naskrajukraju.pl\/index.php?rest_route=\/wp\/v2\/pages"}],"about":[{"href":"http:\/\/naskrajukraju.pl\/index.php?rest_route=\/wp\/v2\/types\/page"}],"author":[{"embeddable":true,"href":"http:\/\/naskrajukraju.pl\/index.php?rest_route=\/wp\/v2\/users\/1"}],"replies":[{"embeddable":true,"href":"http:\/\/naskrajukraju.pl\/index.php?rest_route=%2Fwp%2Fv2%2Fcomments&post=5758"}],"version-history":[{"count":14,"href":"http:\/\/naskrajukraju.pl\/index.php?rest_route=\/wp\/v2\/pages\/5758\/revisions"}],"predecessor-version":[{"id":6191,"href":"http:\/\/naskrajukraju.pl\/index.php?rest_route=\/wp\/v2\/pages\/5758\/revisions\/6191"}],"wp:attachment":[{"href":"http:\/\/naskrajukraju.pl\/index.php?rest_route=%2Fwp%2Fv2%2Fmedia&parent=5758"}],"curies":[{"name":"wp","href":"https:\/\/api.w.org\/{rel}","templated":true}]}}