{"id":290,"date":"2016-11-10T08:34:40","date_gmt":"2016-11-10T08:34:40","guid":{"rendered":"http:\/\/kamera4.edge-themes.com\/?page_id=290"},"modified":"2018-09-26T16:48:10","modified_gmt":"2018-09-26T16:48:10","slug":"vista","status":"publish","type":"page","link":"http:\/\/naskrajukraju.pl\/","title":{"rendered":"Strona g\u0142\u00f3wna"},"content":{"rendered":"<p>[vc_row use_row_as_full_screen_section=&#8221;no&#8221;][vc_column width=&#8221;2\/3&#8243;][\/vc_column][\/vc_row]<\/p>\n","protected":false},"excerpt":{"rendered":"<p>[vc_row use_row_as_full_screen_section=&#8221;no&#8221;][vc_column width=&#8221;2\/3&#8243;][\/vc_column][\/vc_row]<\/p>\n","protected":false},"author":1,"featured_media":0,"parent":0,"menu_order":1,"comment_status":"closed","ping_status":"closed","template":"full-width.php","meta":{"jetpack_post_was_ever_published":false},"jetpack_sharing_enabled":true,"jetpack_shortlink":"https:\/\/wp.me\/PaifcC-4G","jetpack-related-posts":[{"id":7862,"url":"http:\/\/naskrajukraju.pl\/?page_id=7862","url_meta":{"origin":290,"position":0},"title":"BeeM Studio","author":"admin","date":"31 marca 2020","format":false,"excerpt":"[vc_row use_row_as_full_screen_section=\"no\"][vc_column][\/vc_column][\/vc_row]","rel":"","context":"Similar post","block_context":{"text":"Similar post","link":""},"img":{"alt_text":"","src":"","width":0,"height":0},"classes":[]},{"id":5758,"url":"http:\/\/naskrajukraju.pl\/?page_id=5758","url_meta":{"origin":290,"position":1},"title":"GALERIA &#8211; w naszym obiektywie","author":"admin","date":"21 wrze\u015bnia 2018","format":false,"excerpt":"[vc_row use_row_as_full_screen_section=\"no\"][vc_column][\/vc_column][\/vc_row]","rel":"","context":"Similar post","block_context":{"text":"Similar post","link":""},"img":{"alt_text":"","src":"","width":0,"height":0},"classes":[]},{"id":5774,"url":"http:\/\/naskrajukraju.pl\/?page_id=5774","url_meta":{"origin":290,"position":2},"title":"O nas","author":"admin","date":"23 wrze\u015bnia 2018","format":false,"excerpt":"[vc_row use_row_as_full_screen_section=\"no\"][vc_column][vc_empty_space][\/vc_column][\/vc_row][vc_row use_row_as_full_screen_section=\"no\"][vc_column width=\"2\/3\"][vc_column_text] Witaj, mi\u0142o Ci\u0119 widzie\u0107 :-) Cieszymy si\u0119, \u017ce tu trafi\u0142e\u015b Czytelniku, rozgo\u015b\u0107 si\u0119. Jeste\u015bmy dw\u00f3jk\u0105 fotografuj\u0105cych rowerzyst\u00f3w, dw\u00f3jk\u0105 ludzi ciekawych \u015bwiata i szczeg\u00f3lnie naszego kraju. Mi\u0142o\u015bnik\u00f3w przyrody i krajobraz\u00f3w. Ludzi i ich tradycji. Kultury i sztuki. Miejsc z histori\u0105 i dusz\u0105. Nieraz zapomnianych i omijanych przez\u2026","rel":"","context":"Similar post","block_context":{"text":"Similar post","link":""},"img":{"alt_text":"","src":"","width":0,"height":0},"classes":[]}],"_links":{"self":[{"href":"http:\/\/naskrajukraju.pl\/index.php?rest_route=\/wp\/v2\/pages\/290"}],"collection":[{"href":"http:\/\/naskrajukraju.pl\/index.php?rest_route=\/wp\/v2\/pages"}],"about":[{"href":"http:\/\/naskrajukraju.pl\/index.php?rest_route=\/wp\/v2\/types\/page"}],"author":[{"embeddable":true,"href":"http:\/\/naskrajukraju.pl\/index.php?rest_route=\/wp\/v2\/users\/1"}],"replies":[{"embeddable":true,"href":"http:\/\/naskrajukraju.pl\/index.php?rest_route=%2Fwp%2Fv2%2Fcomments&post=290"}],"version-history":[{"count":6,"href":"http:\/\/naskrajukraju.pl\/index.php?rest_route=\/wp\/v2\/pages\/290\/revisions"}],"predecessor-version":[{"id":5973,"href":"http:\/\/naskrajukraju.pl\/index.php?rest_route=\/wp\/v2\/pages\/290\/revisions\/5973"}],"wp:attachment":[{"href":"http:\/\/naskrajukraju.pl\/index.php?rest_route=%2Fwp%2Fv2%2Fmedia&parent=290"}],"curies":[{"name":"wp","href":"https:\/\/api.w.org\/{rel}","templated":true}]}}